{"id":1520,"date":"2022-12-14T19:41:05","date_gmt":"2022-12-14T22:41:05","guid":{"rendered":"https:\/\/romulofelippe.com\/produto\/hoodie-with-logo-3\/"},"modified":"2025-08-18T13:46:33","modified_gmt":"2025-08-18T16:46:33","slug":"passaros-negros-na-neve","status":"publish","type":"product","link":"https:\/\/romulofelippe.com\/?product=passaros-negros-na-neve","title":{"rendered":"P\u00e1ssaros Negros na Neve"},"content":{"rendered":"<p>Drama. Segunda Guerra. 346 p\u00e1ginas. R$ 40,00 + 10,00 de Frete)<\/p>\n<p>No princ\u00edpio do inverno de 1943 homens fardados de negro invadem uma cabana isolada no sop\u00e9 das Dolomitas, na regi\u00e3o Norte da It\u00e1lia. Membros do tem\u00edvel Esquadr\u00e3o da Morte de Adolf Hitler inserem o inferno na vida de uma fam\u00edlia das montanhas. \u201cP\u00e1ssaros Negros na Neve\u201d \u00e9 um drama de guerra que retrata um pouco de toda a viol\u00eancia sofrida por mais de 60 mil mulheres italianas nas m\u00e3os do ex\u00e9rcito nazista. O autor Romulo Felippe fez uma vasta pesquisa de campo, unindo hist\u00f3ria e fic\u00e7\u00e3o em uma obra de tirar o f\u00f4lego.<\/p>\n","protected":false},"excerpt":{"rendered":"<p>(Drama. Segunda Guerra. 346 p\u00e1ginas. R$ 40,00 + 10,00 de Frete)<\/p>\n<p>No princ\u00edpio do inverno de 1943 homens fardados de negro invadem uma cabana isolada no sop\u00e9 das Dolomitas, na regi\u00e3o Norte da It\u00e1lia. Membros do tem\u00edvel Esquadr\u00e3o da Morte de Adolf Hitler inserem o inferno na vida de uma fam\u00edlia das montanhas. \u201cP\u00e1ssaros Negros na Neve\u201d \u00e9 um drama de guerra que retrata um pouco de toda a viol\u00eancia sofrida por mais de 60 mil mulheres italianas nas m\u00e3os do ex\u00e9rcito nazista. O autor Romulo Felippe fez uma vasta pesquisa de campo, unindo hist\u00f3ria e fic\u00e7\u00e3o em uma obra de tirar o f\u00f4lego.<\/p>\n","protected":false},"featured_media":1521,"comment_status":"open","ping_status":"closed","template":"","meta":{"_uag_custom_page_level_css":""},"product_brand":[],"product_cat":[299,300],"product_tag":[],"class_list":{"0":"post-1520","1":"product","2":"type-product","3":"status-publish","4":"has-post-thumbnail","6":"product_cat-fantasia","7":"product_cat-literatura","9":"first","10":"outofstock","11":"shipping-taxable","12":"purchasable","13":"product-type-simple"},"uagb_featured_image_src":{"full":["https:\/\/romulofelippe.com\/wp-content\/uploads\/2022\/12\/BD0F2484-B3EE-4245-A19B-61CB7C365065.jpg",1440,1729,false],"thumbnail":["https:\/\/romulofelippe.com\/wp-content\/uploads\/2022\/12\/BD0F2484-B3EE-4245-A19B-61CB7C365065-150x150.jpg",150,150,true],"medium":["https:\/\/romulofelippe.com\/wp-content\/uploads\/2022\/12\/BD0F2484-B3EE-4245-A19B-61CB7C365065-250x300.jpg",250,300,true],"medium_large":["https:\/\/romulofelippe.com\/wp-content\/uploads\/2022\/12\/BD0F2484-B3EE-4245-A19B-61CB7C365065-768x922.jpg",740,888,true],"large":["https:\/\/romulofelippe.com\/wp-content\/uploads\/2022\/12\/BD0F2484-B3EE-4245-A19B-61CB7C365065-853x1024.jpg",740,888,true],"1536x1536":["https:\/\/romulofelippe.com\/wp-content\/uploads\/2022\/12\/BD0F2484-B3EE-4245-A19B-61CB7C365065-1279x1536.jpg",1279,1536,true],"2048x2048":["https:\/\/romulofelippe.com\/wp-content\/uploads\/2022\/12\/BD0F2484-B3EE-4245-A19B-61CB7C365065.jpg",1440,1729,false],"post-thumbnail":["https:\/\/romulofelippe.com\/wp-content\/uploads\/2022\/12\/BD0F2484-B3EE-4245-A19B-61CB7C365065-1000x600.jpg",1000,600,true],"mvp-post-thumb":["https:\/\/romulofelippe.com\/wp-content\/uploads\/2022\/12\/BD0F2484-B3EE-4245-A19B-61CB7C365065-1000x600.jpg",1000,600,true],"mvp-port-thumb":["https:\/\/romulofelippe.com\/wp-content\/uploads\/2022\/12\/BD0F2484-B3EE-4245-A19B-61CB7C365065-560x600.jpg",560,600,true],"mvp-large-thumb":["https:\/\/romulofelippe.com\/wp-content\/uploads\/2022\/12\/BD0F2484-B3EE-4245-A19B-61CB7C365065-590x354.jpg",590,354,true],"mvp-mid-thumb":["https:\/\/romulofelippe.com\/wp-content\/uploads\/2022\/12\/BD0F2484-B3EE-4245-A19B-61CB7C365065-400x240.jpg",400,240,true],"mvp-small-thumb":["https:\/\/romulofelippe.com\/wp-content\/uploads\/2022\/12\/BD0F2484-B3EE-4245-A19B-61CB7C365065-80x80.jpg",80,80,true],"mailpoet_newsletter_max":["https:\/\/romulofelippe.com\/wp-content\/uploads\/2022\/12\/BD0F2484-B3EE-4245-A19B-61CB7C365065-1320x1585.jpg",1320,1585,true],"woocommerce_thumbnail":["https:\/\/romulofelippe.com\/wp-content\/uploads\/2022\/12\/BD0F2484-B3EE-4245-A19B-61CB7C365065-300x300.jpg",300,300,true],"woocommerce_single":["https:\/\/romulofelippe.com\/wp-content\/uploads\/2022\/12\/BD0F2484-B3EE-4245-A19B-61CB7C365065-600x720.jpg",600,720,true],"woocommerce_gallery_thumbnail":["https:\/\/romulofelippe.com\/wp-content\/uploads\/2022\/12\/BD0F2484-B3EE-4245-A19B-61CB7C365065-100x100.jpg",100,100,true]},"uagb_author_info":{"display_name":"Assessoria de Imprensa","author_link":"https:\/\/romulofelippe.com\/?author=0"},"uagb_comment_info":0,"uagb_excerpt":"(Drama. Segunda Guerra. 346 p\u00e1ginas. R$ 40,00 + 10,00 de Frete) No princ\u00edpio do inverno de 1943 homens fardados de negro invadem uma cabana isolada no sop\u00e9 das Dolomitas, na regi\u00e3o Norte da It\u00e1lia. Membros do tem\u00edvel Esquadr\u00e3o da Morte de Adolf Hitler inserem o inferno na vida de uma fam\u00edlia das montanhas. \u201cP\u00e1ssaros Negros&hellip;","_links":{"self":[{"href":"https:\/\/romulofelippe.com\/index.php?rest_route=\/wp\/v2\/product\/1520","targetHints":{"allow":["GET"]}}],"collection":[{"href":"https:\/\/romulofelippe.com\/index.php?rest_route=\/wp\/v2\/product"}],"about":[{"href":"https:\/\/romulofelippe.com\/index.php?rest_route=\/wp\/v2\/types\/product"}],"replies":[{"embeddable":true,"href":"https:\/\/romulofelippe.com\/index.php?rest_route=%2Fwp%2Fv2%2Fcomments&post=1520"}],"wp:featuredmedia":[{"embeddable":true,"href":"https:\/\/romulofelippe.com\/index.php?rest_route=\/wp\/v2\/media\/1521"}],"wp:attachment":[{"href":"https:\/\/romulofelippe.com\/index.php?rest_route=%2Fwp%2Fv2%2Fmedia&parent=1520"}],"wp:term":[{"taxonomy":"product_brand","embeddable":true,"href":"https:\/\/romulofelippe.com\/index.php?rest_route=%2Fwp%2Fv2%2Fproduct_brand&post=1520"},{"taxonomy":"product_cat","embeddable":true,"href":"https:\/\/romulofelippe.com\/index.php?rest_route=%2Fwp%2Fv2%2Fproduct_cat&post=1520"},{"taxonomy":"product_tag","embeddable":true,"href":"https:\/\/romulofelippe.com\/index.php?rest_route=%2Fwp%2Fv2%2Fproduct_tag&post=1520"}],"curies":[{"name":"wp","href":"https:\/\/api.w.org\/{rel}","templated":true}]}}