{"id":1523,"date":"2022-12-14T19:54:29","date_gmt":"2022-12-14T22:54:29","guid":{"rendered":"https:\/\/romulofelippe.com\/?post_type=product&#038;p=1523"},"modified":"2025-08-18T13:46:26","modified_gmt":"2025-08-18T16:46:26","slug":"a-garota-das-montanhas","status":"publish","type":"product","link":"https:\/\/romulofelippe.com\/?product=a-garota-das-montanhas","title":{"rendered":"A Garota das Montanhas"},"content":{"rendered":"<p>(Drama. Segunda Guerra. 156 p\u00e1ginas. R$ 30,00 + 10,00 de Frete)<\/p>\n<p>O livro \u00e9 um di\u00e1rio da adolescente Gianna Domenichelli, uma das protagonistas do drama \u201cP\u00e1ssaros Negros na Neve\u201d. A garota montanhesa revela os detalhes e dores vividos durante a Segunda Guerra, quando foi v\u00edtima de um grupo de oficiais nazistas. Uma obra com vi\u00e9s dram\u00e1tico, que deve ser lida ap\u00f3s o livro principal, mas que tamb\u00e9m \u00e9 carregada de esperan\u00e7a e reden\u00e7\u00e3o.<\/p>\n","protected":false},"excerpt":{"rendered":"<p>(Drama. Segunda Guerra. 156 p\u00e1ginas. R$ 30,00 + 10,00 de Frete)<\/p>\n<p>O livro \u00e9 um di\u00e1rio da adolescente Gianna Domenichelli, uma das protagonistas do drama \u201cP\u00e1ssaros Negros na Neve\u201d. A garota montanhesa revela os detalhes e dores vividos durante a Segunda Guerra, quando foi v\u00edtima de um grupo de oficiais nazistas. Uma obra com vi\u00e9s dram\u00e1tico, que deve ser lida ap\u00f3s o livro principal, mas que tamb\u00e9m \u00e9 carregada de esperan\u00e7a e reden\u00e7\u00e3o.<\/p>\n","protected":false},"featured_media":1524,"comment_status":"open","ping_status":"closed","template":"","meta":{"_uag_custom_page_level_css":""},"product_brand":[],"product_cat":[299,300],"product_tag":[],"class_list":{"0":"post-1523","1":"product","2":"type-product","3":"status-publish","4":"has-post-thumbnail","6":"product_cat-fantasia","7":"product_cat-literatura","9":"first","10":"outofstock","11":"shipping-taxable","12":"purchasable","13":"product-type-simple"},"uagb_featured_image_src":{"full":["https:\/\/romulofelippe.com\/wp-content\/uploads\/2022\/12\/868F5CC7-BB62-45E5-9D01-91C3BB89EF2B.jpg",1440,1723,false],"thumbnail":["https:\/\/romulofelippe.com\/wp-content\/uploads\/2022\/12\/868F5CC7-BB62-45E5-9D01-91C3BB89EF2B-150x150.jpg",150,150,true],"medium":["https:\/\/romulofelippe.com\/wp-content\/uploads\/2022\/12\/868F5CC7-BB62-45E5-9D01-91C3BB89EF2B-251x300.jpg",251,300,true],"medium_large":["https:\/\/romulofelippe.com\/wp-content\/uploads\/2022\/12\/868F5CC7-BB62-45E5-9D01-91C3BB89EF2B-768x919.jpg",740,885,true],"large":["https:\/\/romulofelippe.com\/wp-content\/uploads\/2022\/12\/868F5CC7-BB62-45E5-9D01-91C3BB89EF2B-856x1024.jpg",740,885,true],"1536x1536":["https:\/\/romulofelippe.com\/wp-content\/uploads\/2022\/12\/868F5CC7-BB62-45E5-9D01-91C3BB89EF2B-1284x1536.jpg",1284,1536,true],"2048x2048":["https:\/\/romulofelippe.com\/wp-content\/uploads\/2022\/12\/868F5CC7-BB62-45E5-9D01-91C3BB89EF2B.jpg",1440,1723,false],"post-thumbnail":["https:\/\/romulofelippe.com\/wp-content\/uploads\/2022\/12\/868F5CC7-BB62-45E5-9D01-91C3BB89EF2B-1000x600.jpg",1000,600,true],"mvp-post-thumb":["https:\/\/romulofelippe.com\/wp-content\/uploads\/2022\/12\/868F5CC7-BB62-45E5-9D01-91C3BB89EF2B-1000x600.jpg",1000,600,true],"mvp-port-thumb":["https:\/\/romulofelippe.com\/wp-content\/uploads\/2022\/12\/868F5CC7-BB62-45E5-9D01-91C3BB89EF2B-560x600.jpg",560,600,true],"mvp-large-thumb":["https:\/\/romulofelippe.com\/wp-content\/uploads\/2022\/12\/868F5CC7-BB62-45E5-9D01-91C3BB89EF2B-590x354.jpg",590,354,true],"mvp-mid-thumb":["https:\/\/romulofelippe.com\/wp-content\/uploads\/2022\/12\/868F5CC7-BB62-45E5-9D01-91C3BB89EF2B-400x240.jpg",400,240,true],"mvp-small-thumb":["https:\/\/romulofelippe.com\/wp-content\/uploads\/2022\/12\/868F5CC7-BB62-45E5-9D01-91C3BB89EF2B-80x80.jpg",80,80,true],"mailpoet_newsletter_max":["https:\/\/romulofelippe.com\/wp-content\/uploads\/2022\/12\/868F5CC7-BB62-45E5-9D01-91C3BB89EF2B-1320x1579.jpg",1320,1579,true],"woocommerce_thumbnail":["https:\/\/romulofelippe.com\/wp-content\/uploads\/2022\/12\/868F5CC7-BB62-45E5-9D01-91C3BB89EF2B-300x300.jpg",300,300,true],"woocommerce_single":["https:\/\/romulofelippe.com\/wp-content\/uploads\/2022\/12\/868F5CC7-BB62-45E5-9D01-91C3BB89EF2B-600x718.jpg",600,718,true],"woocommerce_gallery_thumbnail":["https:\/\/romulofelippe.com\/wp-content\/uploads\/2022\/12\/868F5CC7-BB62-45E5-9D01-91C3BB89EF2B-100x100.jpg",100,100,true]},"uagb_author_info":{"display_name":"Assessoria de Imprensa","author_link":"https:\/\/romulofelippe.com\/?author=0"},"uagb_comment_info":0,"uagb_excerpt":"(Drama. Segunda Guerra. 156 p\u00e1ginas. R$ 30,00 + 10,00 de Frete) O livro \u00e9 um di\u00e1rio da adolescente Gianna Domenichelli, uma das protagonistas do drama \u201cP\u00e1ssaros Negros na Neve\u201d. A garota montanhesa revela os detalhes e dores vividos durante a Segunda Guerra, quando foi v\u00edtima de um grupo de oficiais nazistas. Uma obra com vi\u00e9s&hellip;","_links":{"self":[{"href":"https:\/\/romulofelippe.com\/index.php?rest_route=\/wp\/v2\/product\/1523","targetHints":{"allow":["GET"]}}],"collection":[{"href":"https:\/\/romulofelippe.com\/index.php?rest_route=\/wp\/v2\/product"}],"about":[{"href":"https:\/\/romulofelippe.com\/index.php?rest_route=\/wp\/v2\/types\/product"}],"replies":[{"embeddable":true,"href":"https:\/\/romulofelippe.com\/index.php?rest_route=%2Fwp%2Fv2%2Fcomments&post=1523"}],"wp:featuredmedia":[{"embeddable":true,"href":"https:\/\/romulofelippe.com\/index.php?rest_route=\/wp\/v2\/media\/1524"}],"wp:attachment":[{"href":"https:\/\/romulofelippe.com\/index.php?rest_route=%2Fwp%2Fv2%2Fmedia&parent=1523"}],"wp:term":[{"taxonomy":"product_brand","embeddable":true,"href":"https:\/\/romulofelippe.com\/index.php?rest_route=%2Fwp%2Fv2%2Fproduct_brand&post=1523"},{"taxonomy":"product_cat","embeddable":true,"href":"https:\/\/romulofelippe.com\/index.php?rest_route=%2Fwp%2Fv2%2Fproduct_cat&post=1523"},{"taxonomy":"product_tag","embeddable":true,"href":"https:\/\/romulofelippe.com\/index.php?rest_route=%2Fwp%2Fv2%2Fproduct_tag&post=1523"}],"curies":[{"name":"wp","href":"https:\/\/api.w.org\/{rel}","templated":true}]}}