{"id":1525,"date":"2022-12-14T19:59:09","date_gmt":"2022-12-14T22:59:09","guid":{"rendered":"https:\/\/romulofelippe.com\/?post_type=product&#038;p=1525"},"modified":"2025-08-18T13:46:20","modified_gmt":"2025-08-18T16:46:20","slug":"drakono-zmogus","status":"publish","type":"product","link":"https:\/\/romulofelippe.com\/?product=drakono-zmogus","title":{"rendered":"Drakono Zmogus"},"content":{"rendered":"<p>(Fantasia medieval. 156 p\u00e1ginas. R$ 30,00 + \u00a010,00 de Frete)<\/p>\n<p>Esta obra de fantasia medieval narra a maldi\u00e7\u00e3o que recai sobre o cavaleiro errante Yohan Balthazar, um anti-her\u00f3i que precisa enfrentar um feroz drag\u00e3o por todos os dias de sua vida. Mais do que salvar a pr\u00f3pria pele, Sir Yohan carrega o fardo de libertar o Reino de Arphon das garras de um poderoso dem\u00f4nio de escamas.<\/p>\n","protected":false},"excerpt":{"rendered":"<p>(Fantasia medieval. 156 p\u00e1ginas. R$ 30,00 + 10,00 de Frete)<\/p>\n<p>Esta obra de fantasia medieval narra a maldi\u00e7\u00e3o que recai sobre o cavaleiro errante Yohan Balthazar, um anti-her\u00f3i que precisa enfrentar um feroz drag\u00e3o por todos os dias de sua vida. Mais do que salvar a pr\u00f3pria pele, Sir Yohan carrega o fardo de libertar o Reino de Arphon das garras de um poderoso dem\u00f4nio de escamas.<\/p>\n","protected":false},"featured_media":1526,"comment_status":"open","ping_status":"closed","template":"","meta":{"_uag_custom_page_level_css":""},"product_brand":[],"product_cat":[299,300],"product_tag":[],"class_list":{"0":"post-1525","1":"product","2":"type-product","3":"status-publish","4":"has-post-thumbnail","6":"product_cat-fantasia","7":"product_cat-literatura","9":"first","10":"outofstock","11":"shipping-taxable","12":"purchasable","13":"product-type-simple"},"uagb_featured_image_src":{"full":["https:\/\/romulofelippe.com\/wp-content\/uploads\/2022\/12\/9F55FFD4-A833-4462-9B64-B319E526FDFB.jpg",1440,1729,false],"thumbnail":["https:\/\/romulofelippe.com\/wp-content\/uploads\/2022\/12\/9F55FFD4-A833-4462-9B64-B319E526FDFB-150x150.jpg",150,150,true],"medium":["https:\/\/romulofelippe.com\/wp-content\/uploads\/2022\/12\/9F55FFD4-A833-4462-9B64-B319E526FDFB-250x300.jpg",250,300,true],"medium_large":["https:\/\/romulofelippe.com\/wp-content\/uploads\/2022\/12\/9F55FFD4-A833-4462-9B64-B319E526FDFB-768x922.jpg",740,888,true],"large":["https:\/\/romulofelippe.com\/wp-content\/uploads\/2022\/12\/9F55FFD4-A833-4462-9B64-B319E526FDFB-853x1024.jpg",740,888,true],"1536x1536":["https:\/\/romulofelippe.com\/wp-content\/uploads\/2022\/12\/9F55FFD4-A833-4462-9B64-B319E526FDFB-1279x1536.jpg",1279,1536,true],"2048x2048":["https:\/\/romulofelippe.com\/wp-content\/uploads\/2022\/12\/9F55FFD4-A833-4462-9B64-B319E526FDFB.jpg",1440,1729,false],"post-thumbnail":["https:\/\/romulofelippe.com\/wp-content\/uploads\/2022\/12\/9F55FFD4-A833-4462-9B64-B319E526FDFB-1000x600.jpg",1000,600,true],"mvp-post-thumb":["https:\/\/romulofelippe.com\/wp-content\/uploads\/2022\/12\/9F55FFD4-A833-4462-9B64-B319E526FDFB-1000x600.jpg",1000,600,true],"mvp-port-thumb":["https:\/\/romulofelippe.com\/wp-content\/uploads\/2022\/12\/9F55FFD4-A833-4462-9B64-B319E526FDFB-560x600.jpg",560,600,true],"mvp-large-thumb":["https:\/\/romulofelippe.com\/wp-content\/uploads\/2022\/12\/9F55FFD4-A833-4462-9B64-B319E526FDFB-590x354.jpg",590,354,true],"mvp-mid-thumb":["https:\/\/romulofelippe.com\/wp-content\/uploads\/2022\/12\/9F55FFD4-A833-4462-9B64-B319E526FDFB-400x240.jpg",400,240,true],"mvp-small-thumb":["https:\/\/romulofelippe.com\/wp-content\/uploads\/2022\/12\/9F55FFD4-A833-4462-9B64-B319E526FDFB-80x80.jpg",80,80,true],"mailpoet_newsletter_max":["https:\/\/romulofelippe.com\/wp-content\/uploads\/2022\/12\/9F55FFD4-A833-4462-9B64-B319E526FDFB-1320x1585.jpg",1320,1585,true],"woocommerce_thumbnail":["https:\/\/romulofelippe.com\/wp-content\/uploads\/2022\/12\/9F55FFD4-A833-4462-9B64-B319E526FDFB-300x300.jpg",300,300,true],"woocommerce_single":["https:\/\/romulofelippe.com\/wp-content\/uploads\/2022\/12\/9F55FFD4-A833-4462-9B64-B319E526FDFB-600x720.jpg",600,720,true],"woocommerce_gallery_thumbnail":["https:\/\/romulofelippe.com\/wp-content\/uploads\/2022\/12\/9F55FFD4-A833-4462-9B64-B319E526FDFB-100x100.jpg",100,100,true]},"uagb_author_info":{"display_name":"Assessoria de Imprensa","author_link":"https:\/\/romulofelippe.com\/?author=0"},"uagb_comment_info":0,"uagb_excerpt":"(Fantasia medieval. 156 p\u00e1ginas. R$ 30,00 + 10,00 de Frete) Esta obra de fantasia medieval narra a maldi\u00e7\u00e3o que recai sobre o cavaleiro errante Yohan Balthazar, um anti-her\u00f3i que precisa enfrentar um feroz drag\u00e3o por todos os dias de sua vida. Mais do que salvar a pr\u00f3pria pele, Sir Yohan carrega o fardo de libertar&hellip;","_links":{"self":[{"href":"https:\/\/romulofelippe.com\/index.php?rest_route=\/wp\/v2\/product\/1525","targetHints":{"allow":["GET"]}}],"collection":[{"href":"https:\/\/romulofelippe.com\/index.php?rest_route=\/wp\/v2\/product"}],"about":[{"href":"https:\/\/romulofelippe.com\/index.php?rest_route=\/wp\/v2\/types\/product"}],"replies":[{"embeddable":true,"href":"https:\/\/romulofelippe.com\/index.php?rest_route=%2Fwp%2Fv2%2Fcomments&post=1525"}],"wp:featuredmedia":[{"embeddable":true,"href":"https:\/\/romulofelippe.com\/index.php?rest_route=\/wp\/v2\/media\/1526"}],"wp:attachment":[{"href":"https:\/\/romulofelippe.com\/index.php?rest_route=%2Fwp%2Fv2%2Fmedia&parent=1525"}],"wp:term":[{"taxonomy":"product_brand","embeddable":true,"href":"https:\/\/romulofelippe.com\/index.php?rest_route=%2Fwp%2Fv2%2Fproduct_brand&post=1525"},{"taxonomy":"product_cat","embeddable":true,"href":"https:\/\/romulofelippe.com\/index.php?rest_route=%2Fwp%2Fv2%2Fproduct_cat&post=1525"},{"taxonomy":"product_tag","embeddable":true,"href":"https:\/\/romulofelippe.com\/index.php?rest_route=%2Fwp%2Fv2%2Fproduct_tag&post=1525"}],"curies":[{"name":"wp","href":"https:\/\/api.w.org\/{rel}","templated":true}]}}