{"id":1538,"date":"2022-12-14T21:24:54","date_gmt":"2022-12-15T00:24:54","guid":{"rendered":"https:\/\/romulofelippe.com\/?post_type=product&#038;p=1538"},"modified":"2025-08-18T13:46:51","modified_gmt":"2025-08-18T16:46:51","slug":"combo-especial-4-lancamentos","status":"publish","type":"product","link":"https:\/\/romulofelippe.com\/?product=combo-especial-4-lancamentos","title":{"rendered":"Combo especial 4 lan\u00e7amentos"},"content":{"rendered":"<p>(R$ 120,00 + R$ 10,00 Frete)<\/p>\n<p>Na compra dos quatro livros (\u201cP\u00e1ssaros Negros na Neve\u201d, \u201cA Garota das Montanhas\u201d, \u201cQuando entrevistei Jesus\u201d e \u201cDrakono Zmogus\u201d) voc\u00ea ganha uma ecobag personalizada das obras e um desconto especial, al\u00e9m das dedicat\u00f3rias!!!<\/p>\n","protected":false},"excerpt":{"rendered":"<p>(R$ 120,00 + R$ 10,00 Frete)<\/p>\n<p>Na compra dos quatro livros (\u201cP\u00e1ssaros Negros na Neve\u201d, \u201cA Garota das Montanhas\u201d, \u201cQuando entrevistei Jesus\u201d e \u201cDrakono Zmogus\u201d) voc\u00ea ganha uma ecobag personalizada das obras e um desconto especial, al\u00e9m das dedicat\u00f3rias!!!<\/p>\n","protected":false},"featured_media":1758,"comment_status":"open","ping_status":"closed","template":"","meta":{"_uag_custom_page_level_css":""},"product_brand":[],"product_cat":[299,300],"product_tag":[],"class_list":{"0":"post-1538","1":"product","2":"type-product","3":"status-publish","4":"has-post-thumbnail","6":"product_cat-fantasia","7":"product_cat-literatura","9":"first","10":"outofstock","11":"shipping-taxable","12":"purchasable","13":"product-type-simple"},"uagb_featured_image_src":{"full":["https:\/\/romulofelippe.com\/wp-content\/uploads\/2022\/12\/COMBO.jpg",1440,1723,false],"thumbnail":["https:\/\/romulofelippe.com\/wp-content\/uploads\/2022\/12\/COMBO-150x150.jpg",150,150,true],"medium":["https:\/\/romulofelippe.com\/wp-content\/uploads\/2022\/12\/COMBO-251x300.jpg",251,300,true],"medium_large":["https:\/\/romulofelippe.com\/wp-content\/uploads\/2022\/12\/COMBO-768x919.jpg",740,885,true],"large":["https:\/\/romulofelippe.com\/wp-content\/uploads\/2022\/12\/COMBO-856x1024.jpg",740,885,true],"1536x1536":["https:\/\/romulofelippe.com\/wp-content\/uploads\/2022\/12\/COMBO-1284x1536.jpg",1284,1536,true],"2048x2048":["https:\/\/romulofelippe.com\/wp-content\/uploads\/2022\/12\/COMBO.jpg",1440,1723,false],"post-thumbnail":["https:\/\/romulofelippe.com\/wp-content\/uploads\/2022\/12\/COMBO-1000x600.jpg",1000,600,true],"mvp-post-thumb":["https:\/\/romulofelippe.com\/wp-content\/uploads\/2022\/12\/COMBO-1000x600.jpg",1000,600,true],"mvp-port-thumb":["https:\/\/romulofelippe.com\/wp-content\/uploads\/2022\/12\/COMBO-560x600.jpg",560,600,true],"mvp-large-thumb":["https:\/\/romulofelippe.com\/wp-content\/uploads\/2022\/12\/COMBO-590x354.jpg",590,354,true],"mvp-mid-thumb":["https:\/\/romulofelippe.com\/wp-content\/uploads\/2022\/12\/COMBO-400x240.jpg",400,240,true],"mvp-small-thumb":["https:\/\/romulofelippe.com\/wp-content\/uploads\/2022\/12\/COMBO-80x80.jpg",80,80,true],"mailpoet_newsletter_max":["https:\/\/romulofelippe.com\/wp-content\/uploads\/2022\/12\/COMBO-1320x1579.jpg",1320,1579,true],"woocommerce_thumbnail":["https:\/\/romulofelippe.com\/wp-content\/uploads\/2022\/12\/COMBO-300x300.jpg",300,300,true],"woocommerce_single":["https:\/\/romulofelippe.com\/wp-content\/uploads\/2022\/12\/COMBO-600x718.jpg",600,718,true],"woocommerce_gallery_thumbnail":["https:\/\/romulofelippe.com\/wp-content\/uploads\/2022\/12\/COMBO-100x100.jpg",100,100,true]},"uagb_author_info":{"display_name":"Assessoria de Imprensa","author_link":"https:\/\/romulofelippe.com\/?author=0"},"uagb_comment_info":2,"uagb_excerpt":"(R$ 120,00 + R$ 10,00 Frete) Na compra dos quatro livros (\u201cP\u00e1ssaros Negros na Neve\u201d, \u201cA Garota das Montanhas\u201d, \u201cQuando entrevistei Jesus\u201d e \u201cDrakono Zmogus\u201d) voc\u00ea ganha uma ecobag personalizada das obras e um desconto especial, al\u00e9m das dedicat\u00f3rias!!!","_links":{"self":[{"href":"https:\/\/romulofelippe.com\/index.php?rest_route=\/wp\/v2\/product\/1538","targetHints":{"allow":["GET"]}}],"collection":[{"href":"https:\/\/romulofelippe.com\/index.php?rest_route=\/wp\/v2\/product"}],"about":[{"href":"https:\/\/romulofelippe.com\/index.php?rest_route=\/wp\/v2\/types\/product"}],"replies":[{"embeddable":true,"href":"https:\/\/romulofelippe.com\/index.php?rest_route=%2Fwp%2Fv2%2Fcomments&post=1538"}],"wp:featuredmedia":[{"embeddable":true,"href":"https:\/\/romulofelippe.com\/index.php?rest_route=\/wp\/v2\/media\/1758"}],"wp:attachment":[{"href":"https:\/\/romulofelippe.com\/index.php?rest_route=%2Fwp%2Fv2%2Fmedia&parent=1538"}],"wp:term":[{"taxonomy":"product_brand","embeddable":true,"href":"https:\/\/romulofelippe.com\/index.php?rest_route=%2Fwp%2Fv2%2Fproduct_brand&post=1538"},{"taxonomy":"product_cat","embeddable":true,"href":"https:\/\/romulofelippe.com\/index.php?rest_route=%2Fwp%2Fv2%2Fproduct_cat&post=1538"},{"taxonomy":"product_tag","embeddable":true,"href":"https:\/\/romulofelippe.com\/index.php?rest_route=%2Fwp%2Fv2%2Fproduct_tag&post=1538"}],"curies":[{"name":"wp","href":"https:\/\/api.w.org\/{rel}","templated":true}]}}